{"id":135,"date":"2024-05-10T15:37:57","date_gmt":"2024-05-10T13:37:57","guid":{"rendered":"https:\/\/tracesmagazine.net\/?page_id=135"},"modified":"2026-03-20T12:24:56","modified_gmt":"2026-03-20T11:24:56","slug":"magazine","status":"publish","type":"page","link":"https:\/\/tracesmagazine.net\/en\/magazine\/","title":{"rendered":"Magazine"},"content":{"rendered":"\t\t<div data-elementor-type=\"wp-page\" data-elementor-id=\"135\" class=\"elementor elementor-135\" data-elementor-post-type=\"page\">\n\t\t\t\t<div class=\"elementor-element elementor-element-d1d6300 e-flex e-con-boxed e-con e-parent\" data-id=\"d1d6300\" data-element_type=\"container\">\n\t\t\t\t\t<div class=\"e-con-inner\">\n\t\t\t\t<div class=\"elementor-element elementor-element-b26f8cf elementor-widget elementor-widget-image\" data-id=\"b26f8cf\" data-element_type=\"widget\" data-widget_type=\"image.default\">\n\t\t\t\t<div class=\"elementor-widget-container\">\n\t\t\t\t\t\t\t\t\t\t\t\t\t\t\t<img decoding=\"async\" src=\"https:\/\/tracesmagazine.net\/wp-content\/uploads\/elementor\/thumbs\/Santo-stefano-23-di-25-scaled-qq8ekyn1bz5g980394z4xt7wsiqb4uwwmu65igtv8w.jpg\" title=\"Santo stefano (23 di 25)\" alt=\"Santo stefano (23 di 25)\" loading=\"lazy\" \/>\t\t\t\t\t\t\t\t\t\t\t\t\t\t\t<\/div>\n\t\t\t\t<\/div>\n\t\t\t\t<div class=\"elementor-element elementor-element-c5363ec elementor-widget-divider--view-line elementor-widget elementor-widget-divider\" data-id=\"c5363ec\" data-element_type=\"widget\" data-widget_type=\"divider.default\">\n\t\t\t\t<div class=\"elementor-widget-container\">\n\t\t\t\t\t\t\t<div class=\"elementor-divider\">\n\t\t\t<span class=\"elementor-divider-separator\">\n\t\t\t\t\t\t<\/span>\n\t\t<\/div>\n\t\t\t\t\t\t<\/div>\n\t\t\t\t<\/div>\n\t\t\t\t<div class=\"elementor-element elementor-element-79ea29b elementor-widget elementor-widget-text-editor\" data-id=\"79ea29b\" data-element_type=\"widget\" data-widget_type=\"text-editor.default\">\n\t\t\t\t<div class=\"elementor-widget-container\">\n\t\t\t\t\t\t\t\t\t<h5><strong>Concept &#8220;Traces&#8221; Magazine<\/strong><\/h5><h6><strong><em>\u201cIo riconosco e in pi\u00f9 vedo, osservo e colgo ci\u00f2 che sento ed \u00e8 utile al mio percorso\u201d<\/em><\/strong><\/h6><p>La rivista \u201cTracce\u201d parte dall&#8217;esigenza di potenziare le immagini come codice di indagine, narrazione e analisi scientifica.<\/p><p>La fotografia non ha solo il valore di documentazione e rappresentazione, ma \u00e8 anche uno strumento dinamico di connessione e rivelazione di atmosfere, di strutture architettoniche, elementi di storia e di memoria.<\/p><p>L&#8217;osservazione attenta durante l&#8217;atto fotografico in connessione con il sentimento emotivo attraverso il \u201ccorpo-proprio\u201d in relazione all&#8217;area circostante ha il potere di rivelare pi\u00f9 di quanto ci si aspetti da una semplice registrazione visiva.<\/p><p>Inoltre, l&#8217;osservazione dell&#8217;immagine prodotta ci pone di fronte a una conoscenza ancora pi\u00f9 profonda che evoca in noi una narrazione ibrida tra ci\u00f2 che siamo, ci\u00f2 che abbiamo studiato e sperimentato, e ci\u00f2 che in dettaglio \u00e8 presente nella fotografia.<\/p><p>\u201cRiconosco e inoltre vedo, osservo e colgo ci\u00f2 che sento e ci\u00f2 che \u00e8 utile per il mio percorso\u201d.<\/p><p>La rivista si occupa di paesaggio e architettura e nasce con l&#8217;obiettivo di diventare uno strumento scientifico per la mappatura emotiva e strutturale dei luoghi vittime di eventi climatici catastrofici.<\/p><p>Vuole sottolineare l&#8217;importanza del riconoscimento delle \u201ctracce\u201d siano esse architettoniche, strutturali, oggettuali, memoriali, storiche e sociali, ma soprattutto atmosferiche ed emotive.<\/p><p>La Rivista vuole diventare uno strumento di riferimento per una ricostruzione architettonica e una rigenerazione urbana etica, rispettosa delle persone e del territorio, affinch\u00e9 agli errori e alle violenze della globalizzazione si sostituisca una vera ricostruzione condivisa da attori come cittadini, architetti, urbanisti e politici, lontana dal concetto di \u201crifacimento\u201d o di distruzione della memoria.<\/p><p>Le tracce fotografiche possono essere utili per un approccio dinamico e prezioso, se considerate come punti di riferimento per la pre-progettazione della rinascita di questi luoghi.<\/p><p>Ogni numero di \u201cTracce\u201d sar\u00e0 prodotto in loco attraverso laboratori teorici e pratici di conoscenza e consapevolezza visiva attraverso il mezzo fotografico.<\/p><p>L&#8217;esperienza emotiva e il contatto con i luoghi saranno realizzati in relazione al territorio. Saranno coinvolti studenti di architettura o di facolt\u00e0 legate ai temi della rigenerazione urbana, professori, architetti, urbanisti, sociologi, antropologi, ma anche cittadini di diverse generazioni, politici, tecnici e addetti ai lavori.<\/p>\t\t\t\t\t\t\t\t<\/div>\n\t\t\t\t<\/div>\n\t\t\t\t<div class=\"elementor-element elementor-element-23c05e7 elementor-widget elementor-widget-heading\" data-id=\"23c05e7\" data-element_type=\"widget\" data-widget_type=\"heading.default\">\n\t\t\t\t<div class=\"elementor-widget-container\">\n\t\t\t\t\t<h2 class=\"elementor-heading-title elementor-size-default\">Sfoglia i Magazine in PDF <br>\nISSN 3103-4136\nTraces\n[online]<\/h2>\t\t\t\t<\/div>\n\t\t\t\t<\/div>\n\t\t\t\t\t<\/div>\n\t\t\t\t<\/div>\n\t\t<div class=\"elementor-element elementor-element-47f3ecd e-flex e-con-boxed e-con e-parent\" data-id=\"47f3ecd\" data-element_type=\"container\">\n\t\t\t\t\t<div class=\"e-con-inner\">\n\t\t\t\t<div class=\"elementor-element elementor-element-e76e0b0 elementor-widget elementor-widget-text-editor\" data-id=\"e76e0b0\" data-element_type=\"widget\" data-widget_type=\"text-editor.default\">\n\t\t\t\t<div class=\"elementor-widget-container\">\n\t\t\t\t\t\t\t\t\t<p><div class=\"_df_book df-lite\" id=\"df_1158\"  _slug=\"1158\" data-title=\"magazine-aix\" wpoptions=\"true\" thumb=\"https:\/\/tracesmagazine.net\/wp-content\/uploads\/2026\/03\/copertinaAIX.jpg\" thumbtype=\"\" ><\/div><script class=\"df-shortcode-script\" nowprocket type=\"application\/javascript\">window.option_df_1158 = {\"webgl\":\"false\",\"outline\":[],\"height\":\"1000\",\"autoEnableOutline\":\"false\",\"autoEnableThumbnail\":\"false\",\"overwritePDFOutline\":\"false\",\"direction\":\"1\",\"pageSize\":\"0\",\"maxTextureSize\":\"1024\",\"source\":\"https:\\\/\\\/tracesmagazine.net\\\/wp-content\\\/uploads\\\/2026\\\/03\\\/TRACES_AIX.pdf\",\"wpOptions\":\"true\"}; if(window.DFLIP && window.DFLIP.parseBooks){window.DFLIP.parseBooks();}<\/script><\/p><p><div class=\"_df_book df-lite\" id=\"df_1121\"  _slug=\"magazine-traces-3\" data-title=\"magazine-traces-3\" wpoptions=\"true\" thumb=\"https:\/\/tracesmagazine.net\/wp-content\/uploads\/2025\/04\/Copertina3.jpg\" thumbtype=\"\" ><\/div><script class=\"df-shortcode-script\" nowprocket type=\"application\/javascript\">window.option_df_1121 = {\"webgl\":\"false\",\"outline\":[],\"height\":\"1000\",\"autoEnableOutline\":\"false\",\"autoEnableThumbnail\":\"false\",\"overwritePDFOutline\":\"false\",\"direction\":\"1\",\"pageSize\":\"0\",\"maxTextureSize\":\"1024\",\"source\":\"https:\\\/\\\/tracesmagazine.net\\\/wp-content\\\/uploads\\\/2025\\\/04\\\/TracesMagazineN3.pdf\",\"wpOptions\":\"true\"}; if(window.DFLIP && window.DFLIP.parseBooks){window.DFLIP.parseBooks();}<\/script><\/p><p><div class=\"_df_book df-lite\" id=\"df_687\"  _slug=\"magazine-traces-2\" data-title=\"magazine-traces-2\" wpoptions=\"true\" thumb=\"https:\/\/tracesmagazine.net\/wp-content\/uploads\/2024\/10\/Copertina2.jpg\" thumbtype=\"\" ><\/div><script class=\"df-shortcode-script\" nowprocket type=\"application\/javascript\">window.option_df_687 = {\"webgl\":\"false\",\"outline\":[],\"height\":\"1000\",\"autoEnableOutline\":\"false\",\"autoEnableThumbnail\":\"false\",\"overwritePDFOutline\":\"false\",\"direction\":\"1\",\"pageSize\":\"0\",\"maxTextureSize\":\"1024\",\"source\":\"https:\\\/\\\/tracesmagazine.net\\\/wp-content\\\/uploads\\\/2024\\\/10\\\/TracesMagazineN2.pdf\",\"wpOptions\":\"true\"}; if(window.DFLIP && window.DFLIP.parseBooks){window.DFLIP.parseBooks();}<\/script><\/p><p><div class=\"_df_book df-lite\" id=\"df_368\"  _slug=\"368\" data-title=\"magazine-traces-1\" wpoptions=\"true\" thumb=\"https:\/\/tracesmagazine.net\/wp-content\/uploads\/2024\/06\/Copertina1.2.jpg\" thumbtype=\"\" ><\/div><script class=\"df-shortcode-script\" nowprocket type=\"application\/javascript\">window.option_df_368 = {\"outline\":[],\"height\":\"1000\",\"autoEnableOutline\":\"false\",\"autoEnableThumbnail\":\"false\",\"overwritePDFOutline\":\"false\",\"direction\":\"1\",\"pageSize\":\"0\",\"source\":\"https:\\\/\\\/tracesmagazine.net\\\/wp-content\\\/uploads\\\/2024\\\/06\\\/TracesMagazineN1.pdf\",\"wpOptions\":\"true\"}; if(window.DFLIP && window.DFLIP.parseBooks){window.DFLIP.parseBooks();}<\/script><\/p>\t\t\t\t\t\t\t\t<\/div>\n\t\t\t\t<\/div>\n\t\t\t\t\t<\/div>\n\t\t\t\t<\/div>\n\t\t\t\t<\/div>\n\t\t","protected":false},"excerpt":{"rendered":"<p>Concept &#8220;Traces&#8221; Magazine \u201cIo riconosco e in pi\u00f9 vedo, osservo e colgo ci\u00f2 che sento ed \u00e8 utile al mio percorso\u201d La rivista \u201cTracce\u201d parte dall&#8217;esigenza di potenziare le immagini come codice di indagine, narrazione e analisi scientifica. La fotografia non ha solo il valore di documentazione e rappresentazione, ma \u00e8 anche uno strumento dinamico [&hellip;]<\/p>\n","protected":false},"author":1,"featured_media":0,"parent":0,"menu_order":0,"comment_status":"closed","ping_status":"closed","template":"","meta":{"_acf_changed":false,"footnotes":""},"class_list":["post-135","page","type-page","status-publish","hentry"],"acf":[],"yoast_head":"<!-- This site is optimized with the Yoast SEO plugin v27.2 - https:\/\/yoast.com\/product\/yoast-seo-wordpress\/ -->\n<title>Magazine - Traces Magazine<\/title>\n<meta name=\"robots\" content=\"index, follow, max-snippet:-1, max-image-preview:large, max-video-preview:-1\" \/>\n<link rel=\"canonical\" href=\"https:\/\/tracesmagazine.net\/en\/magazine\/\" \/>\n<meta property=\"og:locale\" content=\"en_GB\" \/>\n<meta property=\"og:type\" content=\"article\" \/>\n<meta property=\"og:title\" content=\"Magazine - Traces Magazine\" \/>\n<meta property=\"og:description\" content=\"Concept &#8220;Traces&#8221; Magazine \u201cIo riconosco e in pi\u00f9 vedo, osservo e colgo ci\u00f2 che sento ed \u00e8 utile al mio percorso\u201d La rivista \u201cTracce\u201d parte dall&#8217;esigenza di potenziare le immagini come codice di indagine, narrazione e analisi scientifica. La fotografia non ha solo il valore di documentazione e rappresentazione, ma \u00e8 anche uno strumento dinamico [&hellip;]\" \/>\n<meta property=\"og:url\" content=\"https:\/\/tracesmagazine.net\/en\/magazine\/\" \/>\n<meta property=\"og:site_name\" content=\"Traces Magazine\" \/>\n<meta property=\"article:modified_time\" content=\"2026-03-20T11:24:56+00:00\" \/>\n<meta property=\"og:image\" content=\"https:\/\/tracesmagazine.net\/wp-content\/uploads\/elementor\/thumbs\/Santo-stefano-23-di-25-scaled-qq8ekyn1bz5g980394z4xt7wsiqb4uwwmu65igtv8w.jpg\" \/>\n<meta name=\"twitter:card\" content=\"summary_large_image\" \/>\n<meta name=\"twitter:label1\" content=\"Estimated reading time\" \/>\n\t<meta name=\"twitter:data1\" content=\"3 minutes\" \/>\n<script type=\"application\/ld+json\" class=\"yoast-schema-graph\">{\"@context\":\"https:\/\/schema.org\",\"@graph\":[{\"@type\":\"WebPage\",\"@id\":\"https:\/\/tracesmagazine.net\/magazine\/\",\"url\":\"https:\/\/tracesmagazine.net\/magazine\/\",\"name\":\"Magazine - Traces Magazine\",\"isPartOf\":{\"@id\":\"https:\/\/tracesmagazine.net\/#website\"},\"primaryImageOfPage\":{\"@id\":\"https:\/\/tracesmagazine.net\/magazine\/#primaryimage\"},\"image\":{\"@id\":\"https:\/\/tracesmagazine.net\/magazine\/#primaryimage\"},\"thumbnailUrl\":\"https:\/\/tracesmagazine.net\/wp-content\/uploads\/elementor\/thumbs\/Santo-stefano-23-di-25-scaled-qq8ekyn1bz5g980394z4xt7wsiqb4uwwmu65igtv8w.jpg\",\"datePublished\":\"2024-05-10T13:37:57+00:00\",\"dateModified\":\"2026-03-20T11:24:56+00:00\",\"breadcrumb\":{\"@id\":\"https:\/\/tracesmagazine.net\/magazine\/#breadcrumb\"},\"inLanguage\":\"en-GB\",\"potentialAction\":[{\"@type\":\"ReadAction\",\"target\":[\"https:\/\/tracesmagazine.net\/magazine\/\"]}]},{\"@type\":\"ImageObject\",\"inLanguage\":\"en-GB\",\"@id\":\"https:\/\/tracesmagazine.net\/magazine\/#primaryimage\",\"url\":\"https:\/\/tracesmagazine.net\/wp-content\/uploads\/elementor\/thumbs\/Santo-stefano-23-di-25-scaled-qq8ekyn1bz5g980394z4xt7wsiqb4uwwmu65igtv8w.jpg\",\"contentUrl\":\"https:\/\/tracesmagazine.net\/wp-content\/uploads\/elementor\/thumbs\/Santo-stefano-23-di-25-scaled-qq8ekyn1bz5g980394z4xt7wsiqb4uwwmu65igtv8w.jpg\"},{\"@type\":\"BreadcrumbList\",\"@id\":\"https:\/\/tracesmagazine.net\/magazine\/#breadcrumb\",\"itemListElement\":[{\"@type\":\"ListItem\",\"position\":1,\"name\":\"Home\",\"item\":\"https:\/\/tracesmagazine.net\/\"},{\"@type\":\"ListItem\",\"position\":2,\"name\":\"Magazine\"}]},{\"@type\":\"WebSite\",\"@id\":\"https:\/\/tracesmagazine.net\/#website\",\"url\":\"https:\/\/tracesmagazine.net\/\",\"name\":\"Traces Magazine\",\"description\":\"Traces Magazine\",\"publisher\":{\"@id\":\"https:\/\/tracesmagazine.net\/#\/schema\/person\/872f2f13777870f49432297db520148c\"},\"potentialAction\":[{\"@type\":\"SearchAction\",\"target\":{\"@type\":\"EntryPoint\",\"urlTemplate\":\"https:\/\/tracesmagazine.net\/?s={search_term_string}\"},\"query-input\":{\"@type\":\"PropertyValueSpecification\",\"valueRequired\":true,\"valueName\":\"search_term_string\"}}],\"inLanguage\":\"en-GB\"},{\"@type\":[\"Person\",\"Organization\"],\"@id\":\"https:\/\/tracesmagazine.net\/#\/schema\/person\/872f2f13777870f49432297db520148c\",\"name\":\"Adelaide Di Nunzio\",\"image\":{\"@type\":\"ImageObject\",\"inLanguage\":\"en-GB\",\"@id\":\"https:\/\/tracesmagazine.net\/wp-content\/uploads\/2024\/05\/logo-traces-nero.png\",\"url\":\"https:\/\/tracesmagazine.net\/wp-content\/uploads\/2024\/05\/logo-traces-nero.png\",\"contentUrl\":\"https:\/\/tracesmagazine.net\/wp-content\/uploads\/2024\/05\/logo-traces-nero.png\",\"width\":3864,\"height\":2481,\"caption\":\"Adelaide Di Nunzio\"},\"logo\":{\"@id\":\"https:\/\/tracesmagazine.net\/wp-content\/uploads\/2024\/05\/logo-traces-nero.png\"}}]}<\/script>\n<!-- \/ Yoast SEO plugin. -->","yoast_head_json":{"title":"Magazine - Traces Magazine","robots":{"index":"index","follow":"follow","max-snippet":"max-snippet:-1","max-image-preview":"max-image-preview:large","max-video-preview":"max-video-preview:-1"},"canonical":"https:\/\/tracesmagazine.net\/en\/magazine\/","og_locale":"en_GB","og_type":"article","og_title":"Magazine - Traces Magazine","og_description":"Concept &#8220;Traces&#8221; Magazine \u201cIo riconosco e in pi\u00f9 vedo, osservo e colgo ci\u00f2 che sento ed \u00e8 utile al mio percorso\u201d La rivista \u201cTracce\u201d parte dall&#8217;esigenza di potenziare le immagini come codice di indagine, narrazione e analisi scientifica. La fotografia non ha solo il valore di documentazione e rappresentazione, ma \u00e8 anche uno strumento dinamico [&hellip;]","og_url":"https:\/\/tracesmagazine.net\/en\/magazine\/","og_site_name":"Traces Magazine","article_modified_time":"2026-03-20T11:24:56+00:00","og_image":[{"url":"https:\/\/tracesmagazine.net\/wp-content\/uploads\/elementor\/thumbs\/Santo-stefano-23-di-25-scaled-qq8ekyn1bz5g980394z4xt7wsiqb4uwwmu65igtv8w.jpg","type":"","width":"","height":""}],"twitter_card":"summary_large_image","twitter_misc":{"Estimated reading time":"3 minutes"},"schema":{"@context":"https:\/\/schema.org","@graph":[{"@type":"WebPage","@id":"https:\/\/tracesmagazine.net\/magazine\/","url":"https:\/\/tracesmagazine.net\/magazine\/","name":"Magazine - Traces Magazine","isPartOf":{"@id":"https:\/\/tracesmagazine.net\/#website"},"primaryImageOfPage":{"@id":"https:\/\/tracesmagazine.net\/magazine\/#primaryimage"},"image":{"@id":"https:\/\/tracesmagazine.net\/magazine\/#primaryimage"},"thumbnailUrl":"https:\/\/tracesmagazine.net\/wp-content\/uploads\/elementor\/thumbs\/Santo-stefano-23-di-25-scaled-qq8ekyn1bz5g980394z4xt7wsiqb4uwwmu65igtv8w.jpg","datePublished":"2024-05-10T13:37:57+00:00","dateModified":"2026-03-20T11:24:56+00:00","breadcrumb":{"@id":"https:\/\/tracesmagazine.net\/magazine\/#breadcrumb"},"inLanguage":"en-GB","potentialAction":[{"@type":"ReadAction","target":["https:\/\/tracesmagazine.net\/magazine\/"]}]},{"@type":"ImageObject","inLanguage":"en-GB","@id":"https:\/\/tracesmagazine.net\/magazine\/#primaryimage","url":"https:\/\/tracesmagazine.net\/wp-content\/uploads\/elementor\/thumbs\/Santo-stefano-23-di-25-scaled-qq8ekyn1bz5g980394z4xt7wsiqb4uwwmu65igtv8w.jpg","contentUrl":"https:\/\/tracesmagazine.net\/wp-content\/uploads\/elementor\/thumbs\/Santo-stefano-23-di-25-scaled-qq8ekyn1bz5g980394z4xt7wsiqb4uwwmu65igtv8w.jpg"},{"@type":"BreadcrumbList","@id":"https:\/\/tracesmagazine.net\/magazine\/#breadcrumb","itemListElement":[{"@type":"ListItem","position":1,"name":"Home","item":"https:\/\/tracesmagazine.net\/"},{"@type":"ListItem","position":2,"name":"Magazine"}]},{"@type":"WebSite","@id":"https:\/\/tracesmagazine.net\/#website","url":"https:\/\/tracesmagazine.net\/","name":"Traces Magazine","description":"Traces Magazine","publisher":{"@id":"https:\/\/tracesmagazine.net\/#\/schema\/person\/872f2f13777870f49432297db520148c"},"potentialAction":[{"@type":"SearchAction","target":{"@type":"EntryPoint","urlTemplate":"https:\/\/tracesmagazine.net\/?s={search_term_string}"},"query-input":{"@type":"PropertyValueSpecification","valueRequired":true,"valueName":"search_term_string"}}],"inLanguage":"en-GB"},{"@type":["Person","Organization"],"@id":"https:\/\/tracesmagazine.net\/#\/schema\/person\/872f2f13777870f49432297db520148c","name":"Adelaide Di Nunzio","image":{"@type":"ImageObject","inLanguage":"en-GB","@id":"https:\/\/tracesmagazine.net\/wp-content\/uploads\/2024\/05\/logo-traces-nero.png","url":"https:\/\/tracesmagazine.net\/wp-content\/uploads\/2024\/05\/logo-traces-nero.png","contentUrl":"https:\/\/tracesmagazine.net\/wp-content\/uploads\/2024\/05\/logo-traces-nero.png","width":3864,"height":2481,"caption":"Adelaide Di Nunzio"},"logo":{"@id":"https:\/\/tracesmagazine.net\/wp-content\/uploads\/2024\/05\/logo-traces-nero.png"}}]}},"_links":{"self":[{"href":"https:\/\/tracesmagazine.net\/en\/wp-json\/wp\/v2\/pages\/135","targetHints":{"allow":["GET"]}}],"collection":[{"href":"https:\/\/tracesmagazine.net\/en\/wp-json\/wp\/v2\/pages"}],"about":[{"href":"https:\/\/tracesmagazine.net\/en\/wp-json\/wp\/v2\/types\/page"}],"author":[{"embeddable":true,"href":"https:\/\/tracesmagazine.net\/en\/wp-json\/wp\/v2\/users\/1"}],"replies":[{"embeddable":true,"href":"https:\/\/tracesmagazine.net\/en\/wp-json\/wp\/v2\/comments?post=135"}],"version-history":[{"count":124,"href":"https:\/\/tracesmagazine.net\/en\/wp-json\/wp\/v2\/pages\/135\/revisions"}],"predecessor-version":[{"id":1168,"href":"https:\/\/tracesmagazine.net\/en\/wp-json\/wp\/v2\/pages\/135\/revisions\/1168"}],"wp:attachment":[{"href":"https:\/\/tracesmagazine.net\/en\/wp-json\/wp\/v2\/media?parent=135"}],"curies":[{"name":"wp","href":"https:\/\/api.w.org\/{rel}","templated":true}]}}